{"id":50486,"date":"2026-04-15T14:00:25","date_gmt":"2026-04-15T18:00:25","guid":{"rendered":"\/?page_id=50486"},"modified":"2026-04-15T14:15:20","modified_gmt":"2026-04-15T18:15:20","slug":"growth-summit-2026","status":"publish","type":"page","link":"\/es\/growth-summit-2026\/","title":{"rendered":"Growth Summit 2026"},"content":{"rendered":"<p>[et_pb_section fb_built=&#8221;1&#8243; admin_label=&#8221;Header&#8221; _builder_version=&#8221;4.27.4&#8243; _module_preset=&#8221;default&#8221; width=&#8221;90%&#8221; module_alignment=&#8221;center&#8221; collapsed=&#8221;on&#8221; global_colors_info=&#8221;{}&#8221;][et_pb_row _builder_version=&#8221;4.20.0&#8243; _module_preset=&#8221;default&#8221; global_colors_info=&#8221;{}&#8221;][et_pb_column type=&#8221;4_4&#8243; _builder_version=&#8221;4.20.0&#8243; _module_preset=&#8221;default&#8221; global_colors_info=&#8221;{}&#8221;][et_pb_text _builder_version=&#8221;4.27.4&#8243; _module_preset=&#8221;b9f16d62-6e1a-493e-befd-f1613ea66937&#8243; text_text_color=&#8221;gcid-primary-color&#8221; header_font=&#8221;Tenor Sans||||||||&#8221; header_3_font=&#8221;Montserrat|700|||||||&#8221; header_3_font_size=&#8221;40px&#8221; custom_margin=&#8221;||10px||false|false&#8221; header_3_font_size_tablet=&#8221;32px&#8221; header_3_font_size_phone=&#8221;22px&#8221; header_3_font_size_last_edited=&#8221;on|phone&#8221; locked=&#8221;off&#8221; global_colors_info=&#8221;{%22gcid-primary-color%22:%91%22text_text_color%22%93}&#8221;]<\/p>\n<h3 style=\"text-align: center;\">GROWTH SUMMIT 2026<\/h3>\n<div style=\"width: 300px; height: 2px; background: #55876a; margin: 10px auto 25px;\"><\/div>\n<p>[\/et_pb_text][et_pb_text _builder_version=&#8221;4.27.4&#8243; _module_preset=&#8221;739d08d5-d20f-44ea-9dbc-0d45fd00d33e&#8221; text_font=&#8221;&#8211;et_global_body_font||||||||&#8221; text_text_color=&#8221;#000000&#8243; custom_padding=&#8221;|60px||60px|false|false&#8221; global_colors_info=&#8221;{}&#8221;]<\/p>\n<p style=\"text-align: center;\">Growth Summit 2026 es donde el impulso se convierte en acci\u00f3n.<\/p>\n<p style=\"text-align: center;\">Durante dos d\u00edas poderosos, l\u00edderes, constructores y socios de marca en crecimiento se reunir\u00e1n para perfeccionar habilidades, elevar la mentalidad y alinearse con la visi\u00f3n del futuro. Esto es m\u00e1s que una capacitaci\u00f3n: es claridad, estrategia y ejecuci\u00f3n al siguiente nivel. <\/p>\n<p style=\"text-align: center;\">Escuchar\u00e1s a los principales ganadores, l\u00edderes corporativos y visionarios que est\u00e1n dando forma activamente al futuro de Bravenly. Prep\u00e1rate para conversaciones transformadoras, reconocimiento, conexi\u00f3n y una energ\u00eda capaz de cambiar el rumbo de tu a\u00f1o. <\/p>\n<p style=\"text-align: center;\">Si te tomas en serio tu crecimiento, este es el lugar donde necesitas estar.<\/p>\n<p>[\/et_pb_text][et_pb_button button_url=&#8221;https:\/\/shop.bydesign.com\/Bravenly\/#\/shop\/detail\/SUMMERSUMMIT26\/from\/&#8221; button_text=&#8221;REG\u00cdSTRATE AHORA&#8221; button_alignment=&#8221;center&#8221; button_text_tablet=&#8221;REG\u00cdSTRATE AHORA&#8221; button_text_phone=&#8221;REG\u00cdSTRATE AHORA&#8221; button_text_last_edited=&#8221;on|phone&#8221; _builder_version=&#8221;4.27.4&#8243; _module_preset=&#8221;default&#8221; custom_button=&#8221;on&#8221; button_text_size=&#8221;18px&#8221; button_text_color=&#8221;#FFFFFF&#8221; button_bg_color=&#8221;gcid-primary-color&#8221; button_border_width=&#8221;2px&#8221; button_border_color=&#8221;gcid-body-color&#8221; button_font=&#8221;Lato||||||||&#8221; custom_margin=&#8221;10px||10px||false|false&#8221; custom_padding=&#8221;10px||10px||false|false&#8221; locked=&#8221;off&#8221; global_colors_info=&#8221;{%22gcid-body-color%22:%91%22button_border_color%22%93,%22gcid-primary-color%22:%91%22button_bg_color%22%93}&#8221;][\/et_pb_button][\/et_pb_column][\/et_pb_row][et_pb_row column_structure=&#8221;1_3,1_3,1_3&#8243; _builder_version=&#8221;4.27.4&#8243; _module_preset=&#8221;default&#8221; custom_padding=&#8221;1px|||||&#8221; locked=&#8221;off&#8221; global_colors_info=&#8221;{}&#8221;][et_pb_column type=&#8221;1_3&#8243; _builder_version=&#8221;4.20.0&#8243; _module_preset=&#8221;default&#8221; global_colors_info=&#8221;{}&#8221;][et_pb_blurb title=&#8221;CU\u00c1NDO:&#8221; image_icon_background_color=&#8221;#000000&#8243; image=&#8221;https:\/\/d1jeyrxw15fk4e.cloudfront.net\/wp-content\/uploads\/2026\/02\/city-icon-15-p-white.png&#8221; _builder_version=&#8221;4.27.4&#8243; _module_preset=&#8221;984a2ad1-6b28-45de-82d9-8f6e1b9f4dd8&#8243; header_level=&#8221;h3&#8243; header_font=&#8221;Montserrat|||on|||||&#8221; header_font_size=&#8221;30px&#8221; body_font=&#8221;&#8211;et_global_body_font|700|||||||&#8221; body_text_color=&#8221;#000000&#8243; body_font_size=&#8221;16px&#8221; custom_margin=&#8221;||||false|false&#8221; locked=&#8221;off&#8221; global_colors_info=&#8221;{}&#8221;]<\/p>\n<p>17\u201318 de Julio de 2026<\/p>\n<p>[\/et_pb_blurb][\/et_pb_column][et_pb_column type=&#8221;1_3&#8243; _builder_version=&#8221;4.20.0&#8243; _module_preset=&#8221;default&#8221; global_colors_info=&#8221;{}&#8221;][et_pb_blurb title=&#8221;DESTINO:&#8221; image_icon_background_color=&#8221;#000000&#8243; image=&#8221;https:\/\/d1jeyrxw15fk4e.cloudfront.net\/wp-content\/uploads\/2026\/03\/Untitled-design-6-2.png&#8221; alt=&#8221;people icon&#8221; _builder_version=&#8221;4.27.4&#8243; _module_preset=&#8221;984a2ad1-6b28-45de-82d9-8f6e1b9f4dd8&#8243; header_level=&#8221;h3&#8243; header_font=&#8221;Montserrat|||on|||||&#8221; header_font_size=&#8221;30px&#8221; body_font=&#8221;&#8211;et_global_body_font|700|||||||&#8221; body_text_color=&#8221;#000000&#8243; body_font_size=&#8221;16px&#8221; custom_margin=&#8221;||0px||false|false&#8221; custom_margin_tablet=&#8221;||0px||false|false&#8221; custom_margin_phone=&#8221;-80px||||false|false&#8221; custom_margin_last_edited=&#8221;on|phone&#8221; locked=&#8221;off&#8221; global_colors_info=&#8221;{}&#8221;]<\/p>\n<p>Orlando, Florida<\/p>\n<p>[\/et_pb_blurb][\/et_pb_column][et_pb_column type=&#8221;1_3&#8243; _builder_version=&#8221;4.27.4&#8243; _module_preset=&#8221;default&#8221; global_colors_info=&#8221;{}&#8221;][et_pb_blurb title=&#8221;QUI\u00c9NES:&#8221; image_icon_background_color=&#8221;#000000&#8243; image=&#8221;https:\/\/d1jeyrxw15fk4e.cloudfront.net\/wp-content\/uploads\/2026\/03\/1.png&#8221; alt=&#8221;people icon&#8221; _builder_version=&#8221;4.27.4&#8243; _module_preset=&#8221;984a2ad1-6b28-45de-82d9-8f6e1b9f4dd8&#8243; header_level=&#8221;h3&#8243; header_font=&#8221;Montserrat|||on|||||&#8221; header_font_size=&#8221;30px&#8221; body_font=&#8221;&#8211;et_global_body_font|700|||||||&#8221; body_text_color=&#8221;#000000&#8243; body_font_size=&#8221;16px&#8221; custom_margin=&#8221;||0px||false|false&#8221; custom_margin_tablet=&#8221;||0px||false|false&#8221; custom_margin_phone=&#8221;-80px||||false|false&#8221; custom_margin_last_edited=&#8221;on|phone&#8221; locked=&#8221;off&#8221; global_colors_info=&#8221;{}&#8221;]<\/p>\n<p>Para Socios de Marca listos para llevar su crecimiento al siguiente nivel.<\/p>\n<p>[\/et_pb_blurb][\/et_pb_column][\/et_pb_row][\/et_pb_section][et_pb_section fb_built=&#8221;1&#8243; admin_label=&#8221;Feature&#8221; _builder_version=&#8221;4.27.4&#8243; _module_preset=&#8221;default&#8221; width=&#8221;90%&#8221; module_alignment=&#8221;center&#8221; custom_padding=&#8221;0px||0px||true|false&#8221; locked=&#8221;off&#8221; collapsed=&#8221;on&#8221; global_colors_info=&#8221;{}&#8221;][et_pb_row _builder_version=&#8221;4.27.4&#8243; _module_preset=&#8221;default&#8221; global_colors_info=&#8221;{}&#8221;][et_pb_column type=&#8221;4_4&#8243; _builder_version=&#8221;4.27.4&#8243; _module_preset=&#8221;default&#8221; global_colors_info=&#8221;{}&#8221;][et_pb_text _builder_version=&#8221;4.27.4&#8243; _module_preset=&#8221;b9f16d62-6e1a-493e-befd-f1613ea66937&#8243; header_font=&#8221;Tenor Sans||||||||&#8221; header_3_font=&#8221;Montserrat|700|||||||&#8221; header_3_font_size=&#8221;40px&#8221; custom_margin=&#8221;||10px||false|false&#8221; hover_enabled=&#8221;0&#8243; header_3_font_tablet=&#8221;Montserrat|700|||||||&#8221; header_3_font_phone=&#8221;Montserrat|700|||||||&#8221; header_3_font_last_edited=&#8221;on|phone&#8221; header_3_font_size_phone=&#8221;30px&#8221; locked=&#8221;off&#8221; global_colors_info=&#8221;{}&#8221; sticky_enabled=&#8221;0&#8243;]<\/p>\n<h3 style=\"text-align: center;\">GALER\u00cdA DE FOTOS<\/h3>\n<div style=\"width: 140px; height: 2px; background: #55876a; margin: 10px auto 25px;\"><\/div>\n<p>[\/et_pb_text][et_pb_text _builder_version=&#8221;4.27.4&#8243; _module_preset=&#8221;default&#8221; text_text_color=&#8221;#000000&#8243; text_font=&#8221;&#8211;et_global_body_font||||||||&#8221; hover_enabled=&#8221;0&#8243; sticky_enabled=&#8221;0&#8243; locked=&#8221;off&#8221;]<\/p>\n<p style=\"text-align: center;\">Here\u2019s a quick peek at some of the highlights and moments from last year\u2019s Growth Summit 2025.<\/p>\n<p style=\"text-align: center;\">\n<p style=\"text-align: center;\">\n<p style=\"text-align: center;\">\n<p style=\"text-align: center;\">[\/et_pb_text][\/et_pb_column][\/et_pb_row][\/et_pb_section][et_pb_section fb_built=&#8221;1&#8243; custom_padding_last_edited=&#8221;on|tablet&#8221; _builder_version=&#8221;4.27.4&#8243; width=&#8221;90%&#8221; module_alignment=&#8221;center&#8221; min_height=&#8221;1124.8px&#8221; custom_margin=&#8221;-100px||||false|false&#8221; custom_padding=&#8221;4px||3px|||&#8221; custom_padding_tablet=&#8221;80px||80px|&#8221; custom_padding_phone=&#8221;&#8221; border_radii=&#8221;on|5px|5px|5px|5px&#8221; locked=&#8221;off&#8221; global_colors_info=&#8221;{}&#8221;][et_pb_row column_structure=&#8221;1_3,1_3,1_3&#8243; make_equal=&#8221;on&#8221; custom_padding_last_edited=&#8221;on|tablet&#8221; _builder_version=&#8221;4.27.4&#8243; _module_preset=&#8221;default&#8221; custom_padding_tablet=&#8221;||0px||false|false&#8221; custom_padding_phone=&#8221;||0px||false|false&#8221; hover_enabled=&#8221;0&#8243; locked=&#8221;off&#8221; global_colors_info=&#8221;{}&#8221; sticky_enabled=&#8221;0&#8243; custom_padding=&#8221;||||false|false&#8221;][et_pb_column type=&#8221;1_3&#8243; _builder_version=&#8221;4.27.4&#8243; _module_preset=&#8221;default&#8221; background_image=&#8221;https:\/\/d1jeyrxw15fk4e.cloudfront.net\/wp-content\/uploads\/2026\/03\/288A4915-scaled.jpg&#8221; border_radii=&#8221;on|5px|5px|5px|5px&#8221; global_colors_info=&#8221;{}&#8221;][et_pb_divider show_divider=&#8221;off&#8221; _builder_version=&#8221;4.20.0&#8243; _module_preset=&#8221;default&#8221; height_tablet=&#8221;40vw&#8221; height_phone=&#8221;40vw&#8221; height_last_edited=&#8221;on|phone&#8221; global_colors_info=&#8221;{}&#8221;][\/et_pb_divider][\/et_pb_column][et_pb_column type=&#8221;1_3&#8243; _builder_version=&#8221;4.20.0&#8243; _module_preset=&#8221;default&#8221; global_colors_info=&#8221;{}&#8221;][et_pb_image src=&#8221;https:\/\/d1jeyrxw15fk4e.cloudfront.net\/wp-content\/uploads\/2026\/02\/288A4241-scaled.jpg&#8221; alt=&#8221;Growth Summit&#8221; title_text=&#8221;Growth Summit&#8221; _builder_version=&#8221;4.27.4&#8243; _module_preset=&#8221;default&#8221; custom_margin=&#8221;||60px||false|false&#8221; custom_margin_tablet=&#8221;||30px||false|false&#8221; custom_margin_phone=&#8221;||30px||false|false&#8221; custom_margin_last_edited=&#8221;on|tablet&#8221; border_radii=&#8221;on|5px|5px|5px|5px&#8221; global_colors_info=&#8221;{}&#8221;][\/et_pb_image][et_pb_image src=&#8221;https:\/\/d1jeyrxw15fk4e.cloudfront.net\/wp-content\/uploads\/2026\/02\/288A4191-scaled.jpg&#8221; alt=&#8221;Growth Summit&#8221; title_text=&#8221;Growth Summit&#8221; _builder_version=&#8221;4.27.4&#8243; _module_preset=&#8221;default&#8221; border_radii=&#8221;on|5px|5px|5px|5px&#8221; global_colors_info=&#8221;{}&#8221;][\/et_pb_image][\/et_pb_column][et_pb_column type=&#8221;1_3&#8243; _builder_version=&#8221;4.20.0&#8243; _module_preset=&#8221;default&#8221; global_colors_info=&#8221;{}&#8221;][et_pb_image src=&#8221;https:\/\/d1jeyrxw15fk4e.cloudfront.net\/wp-content\/uploads\/2026\/02\/288A4446-scaled.jpg&#8221; alt=&#8221;Growth Summit&#8221; title_text=&#8221;Growth Summit&#8221; _builder_version=&#8221;4.27.4&#8243; _module_preset=&#8221;default&#8221; custom_margin=&#8221;||60px||false|false&#8221; custom_margin_tablet=&#8221;||30px||false|false&#8221; custom_margin_phone=&#8221;||30px||false|false&#8221; custom_margin_last_edited=&#8221;on|tablet&#8221; border_radii=&#8221;on|5px|5px|5px|5px&#8221; locked=&#8221;off&#8221; global_colors_info=&#8221;{}&#8221;][\/et_pb_image][et_pb_image src=&#8221;https:\/\/d1jeyrxw15fk4e.cloudfront.net\/wp-content\/uploads\/2026\/03\/288A4247-scaled.jpg&#8221; alt=&#8221;Growth Summit&#8221; title_text=&#8221;Growth Summit&#8221; _builder_version=&#8221;4.27.4&#8243; _module_preset=&#8221;default&#8221; border_radii=&#8221;on|5px|5px|5px|5px&#8221; locked=&#8221;off&#8221; global_colors_info=&#8221;{}&#8221;][\/et_pb_image][\/et_pb_column][\/et_pb_row][et_pb_row column_structure=&#8221;1_3,2_3&#8243; make_equal=&#8221;on&#8221; _builder_version=&#8221;4.27.4&#8243; _module_preset=&#8221;default&#8221; locked=&#8221;off&#8221; global_colors_info=&#8221;{}&#8221;][et_pb_column type=&#8221;1_3&#8243; _builder_version=&#8221;4.27.4&#8243; _module_preset=&#8221;default&#8221; background_image=&#8221;https:\/\/d1jeyrxw15fk4e.cloudfront.net\/wp-content\/uploads\/2026\/03\/288A4220-scaled.jpg&#8221; border_radii=&#8221;on|5px|5px|5px|5px&#8221; global_colors_info=&#8221;{}&#8221;][et_pb_divider show_divider=&#8221;off&#8221; _builder_version=&#8221;4.20.0&#8243; _module_preset=&#8221;default&#8221; height_tablet=&#8221;40vw&#8221; height_phone=&#8221;40vw&#8221; height_last_edited=&#8221;on|phone&#8221; locked=&#8221;off&#8221; global_colors_info=&#8221;{}&#8221;][\/et_pb_divider][\/et_pb_column][et_pb_column type=&#8221;2_3&#8243; _builder_version=&#8221;4.20.0&#8243; _module_preset=&#8221;default&#8221; global_colors_info=&#8221;{}&#8221;][et_pb_image src=&#8221;https:\/\/d1jeyrxw15fk4e.cloudfront.net\/wp-content\/uploads\/2026\/03\/288A4865-scaled.jpg&#8221; alt=&#8221;Growth Summit&#8221; title_text=&#8221;Growth Summit&#8221; _builder_version=&#8221;4.27.4&#8243; _module_preset=&#8221;default&#8221; border_radii=&#8221;on|5px|5px|5px|5px&#8221; global_colors_info=&#8221;{}&#8221;][\/et_pb_image][\/et_pb_column][\/et_pb_row][et_pb_row _builder_version=&#8221;4.27.4&#8243; _module_preset=&#8221;default&#8221; locked=&#8221;off&#8221; global_colors_info=&#8221;{}&#8221;][et_pb_column type=&#8221;4_4&#8243; _builder_version=&#8221;4.27.4&#8243; _module_preset=&#8221;default&#8221; global_colors_info=&#8221;{}&#8221;][et_pb_text _builder_version=&#8221;4.27.4&#8243; _module_preset=&#8221;739d08d5-d20f-44ea-9dbc-0d45fd00d33e&#8221; text_font=&#8221;&#8211;et_global_body_font||||||||&#8221; text_text_color=&#8221;#000000&#8243; locked=&#8221;off&#8221; global_colors_info=&#8221;{}&#8221;]<\/p>\n<p style=\"text-align: center;\"><em>\u00bfEres Socio de Marca? Inicia sesi\u00f3n en Bravenly HOME para explorar la galer\u00eda completa y ver de cerca los momentos que llenaron el evento. <\/em><\/p>\n<p>[\/et_pb_text][et_pb_button button_url=&#8221;https:\/\/bravenlyhome.com\/es\/growth-summit-gallery\/&#8221; button_text=&#8221;VER M\u00c1S FOTOS&#8221; button_alignment=&#8221;center&#8221; button_text_tablet=&#8221;VER M\u00c1S FOTOS&#8221; button_text_phone=&#8221;VER M\u00c1S FOTOS&#8221; button_text_last_edited=&#8221;on|phone&#8221; _builder_version=&#8221;4.27.4&#8243; _module_preset=&#8221;default&#8221; custom_button=&#8221;on&#8221; button_text_size=&#8221;18px&#8221; button_text_color=&#8221;#FFFFFF&#8221; button_bg_color=&#8221;gcid-primary-color&#8221; button_border_width=&#8221;2px&#8221; button_border_color=&#8221;gcid-body-color&#8221; button_font=&#8221;Lato||||||||&#8221; custom_margin=&#8221;10px||10px||false|false&#8221; custom_padding=&#8221;10px||10px||false|false&#8221; locked=&#8221;off&#8221; global_colors_info=&#8221;{%22gcid-body-color%22:%91%22button_border_color%22%93,%22gcid-primary-color%22:%91%22button_bg_color%22%93}&#8221;][\/et_pb_button][\/et_pb_column][\/et_pb_row][\/et_pb_section][et_pb_section fb_built=&#8221;1&#8243; _builder_version=&#8221;4.27.4&#8243; _module_preset=&#8221;default&#8221; background_color=&#8221;gcid-86da69f8-ce43-4c42-8395-4abd58818e72&#8243; background_enable_image=&#8221;off&#8221; parallax=&#8221;on&#8221; locked=&#8221;off&#8221; global_colors_info=&#8221;{%22gcid-86da69f8-ce43-4c42-8395-4abd58818e72%22:%91%22background_color%22%93}&#8221;][\/et_pb_section][et_pb_section fb_built=&#8221;1&#8243; _builder_version=&#8221;4.27.4&#8243; _module_preset=&#8221;default&#8221; background_image=&#8221;https:\/\/d1jeyrxw15fk4e.cloudfront.net\/wp-content\/uploads\/2026\/04\/oranges-on-a-tree-website-background-image-1.png&#8221; parallax=&#8221;on&#8221; locked=&#8221;off&#8221; global_colors_info=&#8221;{}&#8221;][et_pb_row _builder_version=&#8221;4.27.4&#8243; _module_preset=&#8221;default&#8221; background_enable_image=&#8221;off&#8221; border_radii=&#8221;on|5px|5px|5px|5px&#8221; global_colors_info=&#8221;{}&#8221;][et_pb_column type=&#8221;4_4&#8243; _builder_version=&#8221;4.27.4&#8243; _module_preset=&#8221;default&#8221; global_colors_info=&#8221;{}&#8221;][et_pb_countdown_timer title=&#8221;NO TE PIERDAS EL BRAVENLY GROWTH SUMMIT 2026&#8243; date_time=&#8221;2026-07-17 15:06&#8243; module_class=&#8221;custom-countdown&#8221; _builder_version=&#8221;4.27.4&#8243; _module_preset=&#8221;default&#8221; header_font=&#8221;Montserrat|700||on|||||&#8221; header_text_color=&#8221;#FFFFFF&#8221; header_font_size=&#8221;32px&#8221; numbers_font=&#8221;Montserrat||||||||&#8221; numbers_text_color=&#8221;#FFFFFF&#8221; separator_text_color=&#8221;RGBA(255,255,255,0)&#8221; separator_font_size=&#8221;1px&#8221; separator_line_height=&#8221;34px&#8221; label_font=&#8221;Montserrat|||on|||||&#8221; label_text_color=&#8221;#FFFFFF&#8221; label_font_size=&#8221;10px&#8221; background_color=&#8221;RGBA(255,255,255,0)&#8221; header_font_size_tablet=&#8221;32px&#8221; header_font_size_phone=&#8221;28px&#8221; header_font_size_last_edited=&#8221;on|phone&#8221; custom_css_free_form=&#8221;\/* Completely remove the colon *\/||.custom-countdown .et_pb_countdown_timer_container .sep {||    font-size: 0;||    line-height: 0;||}||||\/* Add vertical divider line *\/||.custom-countdown .et_pb_countdown_timer_container .sep::before {||    content: %22%22;||    display: inline-block;||    width: 1px;||    height: 55px;||    background-color: rgba(255,255,255,0.4);||    vertical-align: middle;||}||||\/* Keep your spacing exactly how it is *\/||.custom-countdown .et_pb_countdown_timer_container .sep {||    margin: 0 15px;||}&#8221; header_text_shadow_style=&#8221;preset1&#8243; numbers_text_shadow_style=&#8221;preset1&#8243; label_text_shadow_style=&#8221;preset1&#8243; border_radii=&#8221;on|12px|12px|12px|12px&#8221; border_color_all=&#8221;gcid-primary-color&#8221; locked=&#8221;off&#8221; global_colors_info=&#8221;{%22gcid-primary-color%22:%91%22border_color_all%22%93}&#8221;][\/et_pb_countdown_timer][et_pb_button button_url=&#8221;https:\/\/shop.bydesign.com\/Bravenly\/#\/shop\/detail\/SUMMERSUMMIT26\/from\/&#8221; button_text=&#8221;REG\u00cdSTRATE AHORA&#8221; button_alignment=&#8221;center&#8221; button_text_tablet=&#8221;REG\u00cdSTRATE AHORA&#8221; button_text_phone=&#8221;REG\u00cdSTRATE AHORA&#8221; button_text_last_edited=&#8221;on|phone&#8221; _builder_version=&#8221;4.27.4&#8243; _module_preset=&#8221;default&#8221; custom_button=&#8221;on&#8221; button_text_size=&#8221;20px&#8221; button_text_color=&#8221;gcid-primary-color&#8221; button_bg_color=&#8221;#FFFFFF&#8221; button_border_width=&#8221;2px&#8221; button_border_color=&#8221;#FFFFFF&#8221; button_font=&#8221;Lato||||||||&#8221; custom_margin=&#8221;-40px||||false|false&#8221; custom_margin_tablet=&#8221;-40px||||false|false&#8221; custom_margin_phone=&#8221;20px||||false|false&#8221; custom_margin_last_edited=&#8221;on|phone&#8221; custom_padding=&#8221;10px||10px||false|false&#8221; locked=&#8221;off&#8221; global_colors_info=&#8221;{%22gcid-primary-color%22:%91%22button_text_color%22%93}&#8221; button_border_color__hover_enabled=&#8221;on|hover&#8221; button_border_color__hover=&#8221;#FFFFFF&#8221;][\/et_pb_button][\/et_pb_column][\/et_pb_row][\/et_pb_section]<\/p>\n","protected":false},"excerpt":{"rendered":"<p>GROWTH SUMMIT 2026 Growth Summit 2026 es donde el impulso se convierte en acci\u00f3n. Durante dos d\u00edas poderosos, l\u00edderes, constructores y socios de marca en crecimiento se reunir\u00e1n para perfeccionar habilidades, elevar la mentalidad y alinearse con la visi\u00f3n del futuro. Esto es m\u00e1s que una capacitaci\u00f3n: es claridad, estrategia y ejecuci\u00f3n al siguiente nivel. [&hellip;]<\/p>\n","protected":false},"author":191432663,"featured_media":0,"parent":0,"menu_order":0,"comment_status":"closed","ping_status":"closed","template":"","meta":{"_et_pb_use_builder":"on","_et_pb_old_content":"","_et_gb_content_width":"","_coblocks_attr":"","_coblocks_dimensions":"","_coblocks_responsive_height":"","_coblocks_accordion_ie_support":"","footnotes":""},"class_list":["post-50486","page","type-page","status-publish","hentry"],"_links":{"self":[{"href":"https:\/\/alicialariviere.bravenlyglobal.com\/es\/wp-json\/wp\/v2\/pages\/50486","targetHints":{"allow":["GET"]}}],"collection":[{"href":"https:\/\/alicialariviere.bravenlyglobal.com\/es\/wp-json\/wp\/v2\/pages"}],"about":[{"href":"https:\/\/alicialariviere.bravenlyglobal.com\/es\/wp-json\/wp\/v2\/types\/page"}],"author":[{"embeddable":true,"href":"https:\/\/alicialariviere.bravenlyglobal.com\/es\/wp-json\/wp\/v2\/users\/191432663"}],"replies":[{"embeddable":true,"href":"https:\/\/alicialariviere.bravenlyglobal.com\/es\/wp-json\/wp\/v2\/comments?post=50486"}],"version-history":[{"count":5,"href":"https:\/\/alicialariviere.bravenlyglobal.com\/es\/wp-json\/wp\/v2\/pages\/50486\/revisions"}],"predecessor-version":[{"id":50508,"href":"https:\/\/alicialariviere.bravenlyglobal.com\/es\/wp-json\/wp\/v2\/pages\/50486\/revisions\/50508"}],"wp:attachment":[{"href":"https:\/\/alicialariviere.bravenlyglobal.com\/es\/wp-json\/wp\/v2\/media?parent=50486"}],"curies":[{"name":"wp","href":"https:\/\/api.w.org\/{rel}","templated":true}]}}